{"id":1807,"date":"2016-02-29T11:29:34","date_gmt":"2016-02-29T10:29:34","guid":{"rendered":"http:\/\/home.hudo.com\/?page_id=1807"},"modified":"2024-01-11T13:33:44","modified_gmt":"2024-01-11T12:33:44","slug":"o-nas","status":"publish","type":"page","link":"https:\/\/hudo.com\/si\/o-nas\/","title":{"rendered":"O nas"},"content":{"rendered":"<p>Podjetje I.R.V. d.o.o. je specializirano za ustvarjanje inovativnih, zabavnih\u00a0in\u00a0prebojnih vsebin, ki so med najbolj iskanimi na spletu.<\/p>\n<h2>Kontaktni podatki<\/h2>\n<p>I.R.V.\u00a0d.o.o<br \/>\nLesko\u0161kova 12, 1000 Ljubljana<\/p>\n<p>Telefon: 08 2051 480<br \/>\nE po\u0161ta: <a href=\"mailto:oglasevanje@irv.si\">ogla\u0161evanje@irv.si<\/a><\/p>\n","protected":false},"excerpt":{"rendered":"<p>Podjetje I.R.V. d.o.o. je specializirano za ustvarjanje inovativnih, zabavnih\u00a0in\u00a0prebojnih vsebin, ki so med najbolj iskanimi na spletu. Kontaktni podatki I.R.V.\u00a0d.o.o Lesko\u0161kova 12, 1000 Ljubljana Telefon: 08 2051 480 E po\u0161ta: ogla\u0161evanje@irv.si<\/p>\n","protected":false},"author":1,"featured_media":0,"parent":0,"menu_order":0,"comment_status":"open","ping_status":"open","template":"","meta":{"footnotes":""},"acf":[],"yoast_head":"<!-- This site is optimized with the Yoast SEO plugin v21.3 - https:\/\/yoast.com\/wordpress\/plugins\/seo\/ -->\n<title>O nas - Hudo Slovenija<\/title>\n<meta name=\"robots\" content=\"index, follow, max-snippet:-1, max-image-preview:large, max-video-preview:-1\" \/>\n<link rel=\"canonical\" href=\"https:\/\/hudo.com\/si\/o-nas\/\" \/>\n<meta property=\"og:locale\" content=\"sl_SI\" \/>\n<meta property=\"og:type\" content=\"article\" \/>\n<meta property=\"og:title\" content=\"O nas - Hudo Slovenija\" \/>\n<meta property=\"og:description\" content=\"Podjetje I.R.V. d.o.o. je specializirano za ustvarjanje inovativnih, zabavnih\u00a0in\u00a0prebojnih vsebin, ki so med najbolj iskanimi na spletu. Kontaktni podatki I.R.V.\u00a0d.o.o Lesko\u0161kova 12, 1000 Ljubljana Telefon: 08 2051 480 E po\u0161ta: ogla\u0161evanje@irv.si\" \/>\n<meta property=\"og:url\" content=\"https:\/\/hudo.com\/si\/o-nas\/\" \/>\n<meta property=\"og:site_name\" content=\"Hudo Slovenija\" \/>\n<meta property=\"article:publisher\" content=\"https:\/\/www.facebook.com\/hudo.si\" \/>\n<meta property=\"article:modified_time\" content=\"2024-01-11T12:33:44+00:00\" \/>\n<meta name=\"twitter:card\" content=\"summary_large_image\" \/>\n<meta name=\"twitter:site\" content=\"@hudo_si\" \/>\n<meta name=\"twitter:label1\" content=\"Est. reading time\" \/>\n\t<meta name=\"twitter:data1\" content=\"1 minuta\" \/>\n<script type=\"application\/ld+json\" class=\"yoast-schema-graph\">{\"@context\":\"https:\/\/schema.org\",\"@graph\":[{\"@type\":\"WebPage\",\"@id\":\"https:\/\/hudo.com\/si\/o-nas\/\",\"url\":\"https:\/\/hudo.com\/si\/o-nas\/\",\"name\":\"O nas - Hudo Slovenija\",\"isPartOf\":{\"@id\":\"https:\/\/hudo.com\/si\/#website\"},\"datePublished\":\"2016-02-29T10:29:34+00:00\",\"dateModified\":\"2024-01-11T12:33:44+00:00\",\"breadcrumb\":{\"@id\":\"https:\/\/hudo.com\/si\/o-nas\/#breadcrumb\"},\"inLanguage\":\"sl-SI\",\"potentialAction\":[{\"@type\":\"ReadAction\",\"target\":[\"https:\/\/hudo.com\/si\/o-nas\/\"]}]},{\"@type\":\"BreadcrumbList\",\"@id\":\"https:\/\/hudo.com\/si\/o-nas\/#breadcrumb\",\"itemListElement\":[{\"@type\":\"ListItem\",\"position\":1,\"name\":\"Home\",\"item\":\"https:\/\/hudo.com\/si\/\"},{\"@type\":\"ListItem\",\"position\":2,\"name\":\"O nas\"}]},{\"@type\":\"WebSite\",\"@id\":\"https:\/\/hudo.com\/si\/#website\",\"url\":\"https:\/\/hudo.com\/si\/\",\"name\":\"Hudo Slovenija\",\"description\":\"Vse novice iz Slovenije in sveta\",\"publisher\":{\"@id\":\"https:\/\/hudo.com\/si\/#organization\"},\"potentialAction\":[{\"@type\":\"SearchAction\",\"target\":{\"@type\":\"EntryPoint\",\"urlTemplate\":\"https:\/\/hudo.com\/si\/?s={search_term_string}\"},\"query-input\":\"required name=search_term_string\"}],\"inLanguage\":\"sl-SI\"},{\"@type\":\"Organization\",\"@id\":\"https:\/\/hudo.com\/si\/#organization\",\"name\":\"VSN Media\",\"url\":\"https:\/\/hudo.com\/si\/\",\"logo\":{\"@type\":\"ImageObject\",\"inLanguage\":\"sl-SI\",\"@id\":\"https:\/\/hudo.com\/si\/#\/schema\/logo\/image\/\",\"url\":\"https:\/\/hudo.com\/si\/wp-content\/uploads\/sites\/2\/2021\/03\/hudo-app-2.png\",\"contentUrl\":\"https:\/\/hudo.com\/si\/wp-content\/uploads\/sites\/2\/2021\/03\/hudo-app-2.png\",\"width\":2185,\"height\":2167,\"caption\":\"VSN Media\"},\"image\":{\"@id\":\"https:\/\/hudo.com\/si\/#\/schema\/logo\/image\/\"},\"sameAs\":[\"https:\/\/www.facebook.com\/hudo.si\",\"https:\/\/twitter.com\/hudo_si\"]}]}<\/script>\n<!-- \/ Yoast SEO plugin. -->","yoast_head_json":{"title":"O nas - Hudo Slovenija","robots":{"index":"index","follow":"follow","max-snippet":"max-snippet:-1","max-image-preview":"max-image-preview:large","max-video-preview":"max-video-preview:-1"},"canonical":"https:\/\/hudo.com\/si\/o-nas\/","og_locale":"sl_SI","og_type":"article","og_title":"O nas - Hudo Slovenija","og_description":"Podjetje I.R.V. d.o.o. je specializirano za ustvarjanje inovativnih, zabavnih\u00a0in\u00a0prebojnih vsebin, ki so med najbolj iskanimi na spletu. Kontaktni podatki I.R.V.\u00a0d.o.o Lesko\u0161kova 12, 1000 Ljubljana Telefon: 08 2051 480 E po\u0161ta: ogla\u0161evanje@irv.si","og_url":"https:\/\/hudo.com\/si\/o-nas\/","og_site_name":"Hudo Slovenija","article_publisher":"https:\/\/www.facebook.com\/hudo.si","article_modified_time":"2024-01-11T12:33:44+00:00","twitter_card":"summary_large_image","twitter_site":"@hudo_si","twitter_misc":{"Est. reading time":"1 minuta"},"schema":{"@context":"https:\/\/schema.org","@graph":[{"@type":"WebPage","@id":"https:\/\/hudo.com\/si\/o-nas\/","url":"https:\/\/hudo.com\/si\/o-nas\/","name":"O nas - Hudo Slovenija","isPartOf":{"@id":"https:\/\/hudo.com\/si\/#website"},"datePublished":"2016-02-29T10:29:34+00:00","dateModified":"2024-01-11T12:33:44+00:00","breadcrumb":{"@id":"https:\/\/hudo.com\/si\/o-nas\/#breadcrumb"},"inLanguage":"sl-SI","potentialAction":[{"@type":"ReadAction","target":["https:\/\/hudo.com\/si\/o-nas\/"]}]},{"@type":"BreadcrumbList","@id":"https:\/\/hudo.com\/si\/o-nas\/#breadcrumb","itemListElement":[{"@type":"ListItem","position":1,"name":"Home","item":"https:\/\/hudo.com\/si\/"},{"@type":"ListItem","position":2,"name":"O nas"}]},{"@type":"WebSite","@id":"https:\/\/hudo.com\/si\/#website","url":"https:\/\/hudo.com\/si\/","name":"Hudo Slovenija","description":"Vse novice iz Slovenije in sveta","publisher":{"@id":"https:\/\/hudo.com\/si\/#organization"},"potentialAction":[{"@type":"SearchAction","target":{"@type":"EntryPoint","urlTemplate":"https:\/\/hudo.com\/si\/?s={search_term_string}"},"query-input":"required name=search_term_string"}],"inLanguage":"sl-SI"},{"@type":"Organization","@id":"https:\/\/hudo.com\/si\/#organization","name":"VSN Media","url":"https:\/\/hudo.com\/si\/","logo":{"@type":"ImageObject","inLanguage":"sl-SI","@id":"https:\/\/hudo.com\/si\/#\/schema\/logo\/image\/","url":"https:\/\/hudo.com\/si\/wp-content\/uploads\/sites\/2\/2021\/03\/hudo-app-2.png","contentUrl":"https:\/\/hudo.com\/si\/wp-content\/uploads\/sites\/2\/2021\/03\/hudo-app-2.png","width":2185,"height":2167,"caption":"VSN Media"},"image":{"@id":"https:\/\/hudo.com\/si\/#\/schema\/logo\/image\/"},"sameAs":["https:\/\/www.facebook.com\/hudo.si","https:\/\/twitter.com\/hudo_si"]}]}},"amp_enabled":true,"_links":{"self":[{"href":"https:\/\/hudo.com\/si\/wp-json\/wp\/v2\/pages\/1807"}],"collection":[{"href":"https:\/\/hudo.com\/si\/wp-json\/wp\/v2\/pages"}],"about":[{"href":"https:\/\/hudo.com\/si\/wp-json\/wp\/v2\/types\/page"}],"author":[{"embeddable":true,"href":"https:\/\/hudo.com\/si\/wp-json\/wp\/v2\/users\/1"}],"replies":[{"embeddable":true,"href":"https:\/\/hudo.com\/si\/wp-json\/wp\/v2\/comments?post=1807"}],"version-history":[{"count":8,"href":"https:\/\/hudo.com\/si\/wp-json\/wp\/v2\/pages\/1807\/revisions"}],"predecessor-version":[{"id":485138,"href":"https:\/\/hudo.com\/si\/wp-json\/wp\/v2\/pages\/1807\/revisions\/485138"}],"wp:attachment":[{"href":"https:\/\/hudo.com\/si\/wp-json\/wp\/v2\/media?parent=1807"}],"curies":[{"name":"wp","href":"https:\/\/api.w.org\/{rel}","templated":true}]}}