{"id":1809,"date":"2016-02-29T11:29:59","date_gmt":"2016-02-29T10:29:59","guid":{"rendered":"http:\/\/home.hudo.com\/?page_id=1809"},"modified":"2025-10-21T09:18:08","modified_gmt":"2025-10-21T07:18:08","slug":"pogoji-uporabe","status":"publish","type":"page","link":"https:\/\/hudo.com\/si\/pogoji-uporabe\/","title":{"rendered":"Pogoji uporabe"},"content":{"rendered":"<div>\n<h1>Splo\u0161ni pogoji uporabe spletnih vsebin Hudo.com<\/h1>\n<p><em>S prebiranjem vsebine na www.Hudo.com se uporabnik strinja z vsemi dolo\u010dbami v spodaj navedenih Splo\u0161nih pogojih uporabe spletnih vsebin Hudo.com.\u00a0<\/em><em>V kolikor se z dolo\u010dbami ne strinjate, vam svetujemo, da spletno mesto Hudo.com\u00a0<\/em><em>zapustite, oziroma, ne prebirate njenih vsebin.<\/em><\/p>\n<h2>1. Splo\u0161ne dolo\u010dbe<\/h2>\n<div>Vsebina Splo\u0161nih pogojev o uporabi spletne strani Hudo.com se nana\u0161a na pogoje uporabe spletnih vsebin\/storitev na spletnih straneh Hudo.com<em>\u00a0<\/em>ter predstavlja pravno veljaven in zavezujo\u010d sporazum med ponudnikom ter uporabniki oz. \u010dlani spletne strani Hudo.com.<\/div>\n<h2>2. Definicija pojmov<\/h2>\n<div>\n<ul>\n<li><strong>Ponudnik<\/strong>, lastnik, skrbnik spletne strani Hudo.com je I.R.V. d.o.o., Lesko\u0161kova 12, 1000 Ljubljana, Slovenija (v nadaljevanju ponudnik).<\/li>\n<\/ul>\n<ul>\n<li><strong>Ponudniki poti<\/strong>\u00a0so ponudniki spletne povezave, ki jo pri njih najemajo uporabniki ali ponudnik.<\/li>\n<\/ul>\n<ul>\n<li><strong>Uporabnik storitve<\/strong>\u00a0je vsaka oseba, ki na kakr\u0161enkoli na\u010din uporablja spletno stran Hudo.com (v nadaljevanju uporabnik).<\/li>\n<\/ul>\n<\/div>\n<ul>\n<li><strong>Uporabnik vsebin\/storitev<\/strong>\u00a0je vsak, ki obi\u0161\u010de spletne strani Hudo.com.<\/li>\n<\/ul>\n<\/div>\n<p>Uporaba se omogo\u010da nedolo\u010denemu \u0161tevilu uporabnikov, ki sprejmejo storitev ponudnika na na\u010din, pod pogoji in v skladu s temi Pogoji ter drugimi navodili ponudnika.<\/p>\n<div>\n<h2>3. Avtorske pravice<\/h2>\n<div>Uporabnik z registracijo in objavo svojih vsebin na Hudo.com podjetju I.R.V. d.o.o. dovoljuje javno priob\u010ditev na vseh medijih in v vseh zakonsko dolo\u010denih oblikah, ki so v lasti podjetja I.R.V.\u00a0d.o.o. in dovoljuje, da si katerakoli tretja oseba na Hudo.com vsebine ogleda in preto\u010di na svoj ra\u010dunalnik in za\u010dasno ali trajno fiksira.<\/div>\n<\/div>\n<p>Za morebitno nadaljnjo razpolaganje tretjih oseb z vsebinami I.R.V. d.o.o. ni odgovoren, niti nima vpliva na ravnanje tretjih oseb in zato napram uporabniku v zvezi z nadaljnjo uporabo ni odgovoren, s \u010dimer je uporabnik seznanjen in se strinja. Uporabnik izrecno zagotavlja, da z objavo svojih vsebin, ki jih objavlja na spletni strni niso kr\u0161ene pravice intelektualne lastnine niti osebnostne pravice tretjih.<\/p>\n<h2>4. Opis spletne strani Hudo.com<\/h2>\n<p>Spletna stran Hudo.com vam dnevno ponuja prispevke z vseh podro\u010dij \u017eivljenja. Uporabnikom spletne strani ponuja nasvete, predloge in ideje, predstavlja zgodbe iz resni\u010dnega \u017eivljenja in omogo\u010da, da tudi same aktivno sodelujejo pri ustvarjanju vsebin strani, kar dela stran Zenska.si edinstveno. Registrirani uporabniki (preko FB) Zenska.si tako lahko komentirajo \u010dlanke in sodelujejo v klepetih.<\/p>\n<p>V prispevkih na spletni strani ponujamo vse od nasvetov za huj\u0161anje in rekreacijo ter nego ko\u017ee in las, do kuharskih receptov, nasvetov za vzgojo in star\u0161evstvo ter vicev in potopisov s potovanj in izletov. Svetovali vam bodo tudi o tem, kako se spopasti z bole\u010dino in kako si popestriti spolnost, ali obuditi partnersko zvezo, ki je izgubila svoj \u010dar.<\/p>\n<h2>5. Dostopnost spletne strani Hudo.com<\/h2>\n<p>Spletne strani so praviloma dostopne 24 ur na dan in vse dni v letu. Ponudnik si pridr\u017euje pravico do kraj\u0161ih ustavitev v dostopu do spletnih strani Hudo.com vzdr\u017eevanja in zamenjave opreme. Zaradi razlogov, povezanih z vzdr\u017eevanjem, si ponudnik pridr\u017euje pravico tudi do dalj\u0161ih ustavitev dostopa do Hudo.com.<\/p>\n<p>Ponudnik ne jam\u010di dostopnosti strani ob morebitnih izpadih v omre\u017ejih ponudnikov poti, ali kakr\u0161nihkoli izpadih, napakah, drugih tehni\u010dnih motenj ali prekinitvah delovanja tretjih strank (elektri\u010dno napajanje &#8230;) ter vi\u0161je sile.<\/p>\n<h2>6. Na\u010din dostopa<\/h2>\n<p>Uporaba in dostop do spletne strani Hudo.com sta zagotovljena 24 ur na dan, razen v primerih, dolo\u010denih v 5. \u010dlenu splo\u0161nih pogojev. Ponudnik vsebin si pridr\u017euje pravico, da ob sumu zlorab, navedenih v 11. \u010dlenu splo\u0161nih pogojev, omeji ali prekine dostop do vsebin Hudo.com na posamezno geslo.<\/p>\n<p>Na\u010din dostopa do pla\u010dljivih vsebin je tak, kot je dolo\u010den v navodilih na spletni strani Hudo.com. Morebitne spremembe v na\u010dinu dostopa in uporabi servisa vsebin bo ponudnik vsebin sproti objavljal na spletnih straneh Hudo.com. Uporabnik lahko kadarkoli in zaradi kakr\u0161negakoli razloga s pisnim obvestilom prekine \u010dlanstvo v Hudo.com.<\/p>\n<h2>7. Pogoji uporabe<\/h2>\n<p><strong>Starost in odgovornost<\/strong><\/p>\n<p>Za uporabo vsebin objavljenih na Hudo.com ni starostnih omejitev. Ni dovoljeno pooblastiti ali prijaviti drugih oseb oz. kakorkoli druga\u010de preusmeriti va\u0161ega uporabni\u0161kega ra\u010duna. Prav tako ni dovoljena uporaba storitve za kakr\u0161nekoli nezakonite namene.<\/p>\n<p><strong>Druga pravila uporabe<\/strong><\/p>\n<p>Za zagotavljanje kakovostne uporabe storitev se uporabnik zavezuje, da bo pri dostopu in uporabi upo\u0161teval vsa navodila in druga pravila uporabe objavljena na spletnih straneh Hudo.com.<\/p>\n<h2>8. Splo\u0161na priporo\u010dila uporabnikom<\/h2>\n<p>Storitve uporabljajte v skladu z navodili in priporo\u010dili ponudnika storitve in navodili ponudnika poti. Uporabniki naj se zavedajo, da so kljub skrbi in nadzoru storitev mo\u017ene zlorabe. Ponudnik storitev bo o vseh spremembah in novostih svoje uporabnike obve\u0161\u010dal na vseh mestih, kjer so objavljena navodila za uporabo storitev in Pogoji.<\/p>\n<h2>9. Zasebnost in varstvo podatkov<\/h2>\n<p>Ponudnik storitev se obvezuje, da bo skrbno varoval podatke uporabnikov ter jih bo uporabljal izklju\u010dno za potrebe izvajanja storitev. Osebne podatke uporabnikov bo varoval v skladu z Zakonom o varstvu osebnih podatkov.<\/p>\n<h2>10. Zavrnitev odgovornosti<\/h2>\n<p>Uporabnik se mora zavedati, da:<\/p>\n<ul>\n<li>Spletne tehnologije za prenos in dostop do vsebin niso 100% zanesljive. Ob morebitnih izpadih delovanja zaradi ponudnikov poti, ponudnik vsebin ne prevzema odgovornosti.<\/li>\n<li>Ponudnik vsebin in ponudnik poti nista odgovorna za nepravilno delovanje storitev, ki je posledica napa\u010dne uporabe in neznanja uporabnika.<\/li>\n<li>Uporabnik za uporabo video vsebin potrebuje primeren ra\u010dunalnik.<\/li>\n<li>Uporabnik za uporabo video vsebin potrebuje primerno hitro spletno povezavo v internet. Minimalna zahtevana hitrost povezave je 512 Kbps, priporo\u010dljiva pa najmanj 1 Mbps.<\/li>\n<li>Ponudnik vsebin ne more zagotavljati delovanja storitev v primeru izpada omre\u017eja pogodbenih partnerjev, izpada elektri\u010dne energije ali drugih tehni\u010dnih motenj, ki bi lahko za\u010dasno motile delovanje storitev.<\/li>\n<li>Ponudnik vsebin ne odgovarja za vsebino objavljeno na spletnih straneh Hudo.com, katere avtorji so uporabniki spletne strani Hudo.com.<\/li>\n<li>Ponudnik vsebin si pridru\u017euje pravico odstraniti vsebinsko neprimerna sporo\u010dila, fotografije, video, &#8230;<\/li>\n<\/ul>\n<h2>11. Uporabnik se zave\u017ee, da:<\/h2>\n<ul>\n<li>storitev ne bo uporabljal z namenom objavljanja ali propagiranja katerekoli vsebine in\/ali dejavnosti, ki je v nasprotju z veljavno zakonodajo in\/ali javnim redom in moralo,<\/li>\n<li>v svoji komunikaciji ne bo uporabljal gro\u017eenj, slab\u0161alnega, poni\u017eevalnega ali \u017ealjivega na\u010dina izra\u017eanja,<\/li>\n<li>ne bo komuniciral z drugimi uporabniki v imenu drugih oseb,<\/li>\n<li>storitev ne bo izrabljal v komercialne, nelegalne ali kakr\u0161nekoli druge namene, kot tiste, ki so dolo\u010deni v teh pogojih,<\/li>\n<li>ne bo distribuiral avtorsko za\u0161\u010ditenih vsebin ali vsebin, ki so v lasti druge pravne ali fizi\u010dne osebe,<\/li>\n<li>ne bo posku\u0161al pridobiti, zbirati in\/ali shranjevati osebnih podatkov drugih uporabnikov,<\/li>\n<li>ne bo nadlegoval drugih uporabnikov, \u010de ti izrazijo svoje nestrinjanje s komunikacijo,<\/li>\n<li>ne bo na noben na\u010din kopiral, shranjeval ali posredoval celih ali delov vsebine spletne strani Hudo.com,<\/li>\n<li>ne bo uporabljal ra\u010dunalni\u0161kih kod, \u0161kodljivih programov ali \u010desarkoli, kar bi lahko motilo, onesposobilo ali \u0161kodovalo tej storitvi, ponudniku storitev in njegovi programski ter strojni opremi, ponudniku poti ter telekomunikacijskim napravam.<\/li>\n<\/ul>\n<h2>12. Reklamacije<\/h2>\n<ul>\n<li>Uporabnikom je zagotovljena tehni\u010dna podpora in pomo\u010d na elektronskem naslovu urednistvo@irv.si.<\/li>\n<li>Ponudnik vsebin vodi vse morebitne reklamacijske in druge postopke z uporabniki, skladno s svojimi pravili delovanja in veljavno zakonodajo RS.<\/li>\n<li>Ponudnik vsebin se zavezuje, da bo teko\u010de re\u0161eval morebitne tehni\u010dne in\/ali vsebinske reklamacije.<\/li>\n<li>Ponudnik vsebin bo v primeru utemeljenih reklamacij zagotovil uporabnikom odpravljanje vzrokov za reklamacijo ter, v kolikor ugotovi nepravilnosti na strani ponudnika poti, posredoval ponudniku poti, ki je dol\u017ean napako odpraviti.<\/li>\n<li>V primeru utemeljenih reklamacij se ponudnik vsebin zavezuje, da jih bo odpravil v razumnem \u010dasu ter o tem obvestil uporabnika.<\/li>\n<li>\u010ce se reklamacije nana\u0161ajo na ponudnika poti, bo ponudnik vsebin predmetne reklamacije posredoval ustrezni slu\u017ebi ponudnika poti, ki je dol\u017ean napako odpraviti.<\/li>\n<li>Vse reklamacije povezane z delovanjem internetnega omre\u017eja re\u0161uje ponudnik internetne povezave uporabnika storitve.<\/li>\n<\/ul>\n<h2>13. Kr\u0161enje pogojev<\/h2>\n<p>Ponudnik vsebin si pridr\u017euje pravico, da uporabnikom, ki kr\u0161ijo Pogoje ali delujejo v nasprotju z njimi, onemogo\u010di dostop do spletnih strani Hudo.com.<\/p>\n<p>\u010ce uporabnik s svojim ravnanjem povzro\u010di ponudniku storitev ali ponudniku poti kakr\u0161no koli \u0161kodo, zanjo v celoti moralno, materialno ter kazensko odgovarja.<br \/>\nMorebitne kr\u0161itve pri uporabi spletnih strani s strani drugih uporabnikov sporo\u010dite ponudniku storitev na elektronski naslov: urednistvo@irv.si ali pisno na naslov I.R.V.\u00a0d.o.o., Lesko\u0161kova 12, 1000 Ljubljana.<\/p>\n<h2>14. Spremembe<\/h2>\n<p>Ponudnik vsebin lahko spreminja pogoje uporabe vsebin. Ponudnik vsebin se zavezuje, da bo ob vsaki spremembi oz. dopolnitvi pogojev uporabe na primeren na\u010din o tem obvestil uporabnike.<\/p>\n<p>Hudo.com<br \/>\nI.R.V. d.o.o<br \/>\nLesko\u0161kova 12, Ljubljana<\/p>\n<p>&nbsp;<\/p>\n","protected":false},"excerpt":{"rendered":"<p>Splo\u0161ni pogoji uporabe spletnih vsebin Hudo.com S prebiranjem vsebine na www.Hudo.com se uporabnik strinja z vsemi dolo\u010dbami v spodaj navedenih Splo\u0161nih pogojih uporabe spletnih vsebin Hudo.com.\u00a0V kolikor se z dolo\u010dbami ne strinjate, vam svetujemo, da spletno mesto Hudo.com\u00a0zapustite, oziroma, ne prebirate njenih vsebin. 1. Splo\u0161ne dolo\u010dbe Vsebina Splo\u0161nih pogojev o uporabi spletne strani Hudo.com se [&hellip;]<\/p>\n","protected":false},"author":1,"featured_media":0,"parent":0,"menu_order":0,"comment_status":"open","ping_status":"open","template":"","meta":{"footnotes":""},"acf":[],"yoast_head":"<!-- This site is optimized with the Yoast SEO plugin v21.3 - https:\/\/yoast.com\/wordpress\/plugins\/seo\/ -->\n<title>Pogoji uporabe - Hudo Slovenija<\/title>\n<meta name=\"robots\" content=\"index, follow, max-snippet:-1, max-image-preview:large, max-video-preview:-1\" \/>\n<link rel=\"canonical\" href=\"https:\/\/hudo.com\/si\/pogoji-uporabe\/\" \/>\n<meta property=\"og:locale\" content=\"sl_SI\" \/>\n<meta property=\"og:type\" content=\"article\" \/>\n<meta property=\"og:title\" content=\"Pogoji uporabe - Hudo Slovenija\" \/>\n<meta property=\"og:description\" content=\"Splo\u0161ni pogoji uporabe spletnih vsebin Hudo.com S prebiranjem vsebine na www.Hudo.com se uporabnik strinja z vsemi dolo\u010dbami v spodaj navedenih Splo\u0161nih pogojih uporabe spletnih vsebin Hudo.com.\u00a0V kolikor se z dolo\u010dbami ne strinjate, vam svetujemo, da spletno mesto Hudo.com\u00a0zapustite, oziroma, ne prebirate njenih vsebin. 1. Splo\u0161ne dolo\u010dbe Vsebina Splo\u0161nih pogojev o uporabi spletne strani Hudo.com se [&hellip;]\" \/>\n<meta property=\"og:url\" content=\"https:\/\/hudo.com\/si\/pogoji-uporabe\/\" \/>\n<meta property=\"og:site_name\" content=\"Hudo Slovenija\" \/>\n<meta property=\"article:publisher\" content=\"https:\/\/www.facebook.com\/hudo.si\" \/>\n<meta property=\"article:modified_time\" content=\"2025-10-21T07:18:08+00:00\" \/>\n<meta name=\"twitter:card\" content=\"summary_large_image\" \/>\n<meta name=\"twitter:site\" content=\"@hudo_si\" \/>\n<meta name=\"twitter:label1\" content=\"Est. reading time\" \/>\n\t<meta name=\"twitter:data1\" content=\"8 minut\" \/>\n<script type=\"application\/ld+json\" class=\"yoast-schema-graph\">{\"@context\":\"https:\/\/schema.org\",\"@graph\":[{\"@type\":\"WebPage\",\"@id\":\"https:\/\/hudo.com\/si\/pogoji-uporabe\/\",\"url\":\"https:\/\/hudo.com\/si\/pogoji-uporabe\/\",\"name\":\"Pogoji uporabe - Hudo Slovenija\",\"isPartOf\":{\"@id\":\"https:\/\/hudo.com\/si\/#website\"},\"datePublished\":\"2016-02-29T10:29:59+00:00\",\"dateModified\":\"2025-10-21T07:18:08+00:00\",\"breadcrumb\":{\"@id\":\"https:\/\/hudo.com\/si\/pogoji-uporabe\/#breadcrumb\"},\"inLanguage\":\"sl-SI\",\"potentialAction\":[{\"@type\":\"ReadAction\",\"target\":[\"https:\/\/hudo.com\/si\/pogoji-uporabe\/\"]}]},{\"@type\":\"BreadcrumbList\",\"@id\":\"https:\/\/hudo.com\/si\/pogoji-uporabe\/#breadcrumb\",\"itemListElement\":[{\"@type\":\"ListItem\",\"position\":1,\"name\":\"Home\",\"item\":\"https:\/\/hudo.com\/si\/\"},{\"@type\":\"ListItem\",\"position\":2,\"name\":\"Pogoji uporabe\"}]},{\"@type\":\"WebSite\",\"@id\":\"https:\/\/hudo.com\/si\/#website\",\"url\":\"https:\/\/hudo.com\/si\/\",\"name\":\"Hudo Slovenija\",\"description\":\"Vse novice iz Slovenije in sveta\",\"publisher\":{\"@id\":\"https:\/\/hudo.com\/si\/#organization\"},\"potentialAction\":[{\"@type\":\"SearchAction\",\"target\":{\"@type\":\"EntryPoint\",\"urlTemplate\":\"https:\/\/hudo.com\/si\/?s={search_term_string}\"},\"query-input\":\"required name=search_term_string\"}],\"inLanguage\":\"sl-SI\"},{\"@type\":\"Organization\",\"@id\":\"https:\/\/hudo.com\/si\/#organization\",\"name\":\"VSN Media\",\"url\":\"https:\/\/hudo.com\/si\/\",\"logo\":{\"@type\":\"ImageObject\",\"inLanguage\":\"sl-SI\",\"@id\":\"https:\/\/hudo.com\/si\/#\/schema\/logo\/image\/\",\"url\":\"https:\/\/hudo.com\/si\/wp-content\/uploads\/sites\/2\/2021\/03\/hudo-app-2.png\",\"contentUrl\":\"https:\/\/hudo.com\/si\/wp-content\/uploads\/sites\/2\/2021\/03\/hudo-app-2.png\",\"width\":2185,\"height\":2167,\"caption\":\"VSN Media\"},\"image\":{\"@id\":\"https:\/\/hudo.com\/si\/#\/schema\/logo\/image\/\"},\"sameAs\":[\"https:\/\/www.facebook.com\/hudo.si\",\"https:\/\/twitter.com\/hudo_si\"]}]}<\/script>\n<!-- \/ Yoast SEO plugin. -->","yoast_head_json":{"title":"Pogoji uporabe - Hudo Slovenija","robots":{"index":"index","follow":"follow","max-snippet":"max-snippet:-1","max-image-preview":"max-image-preview:large","max-video-preview":"max-video-preview:-1"},"canonical":"https:\/\/hudo.com\/si\/pogoji-uporabe\/","og_locale":"sl_SI","og_type":"article","og_title":"Pogoji uporabe - Hudo Slovenija","og_description":"Splo\u0161ni pogoji uporabe spletnih vsebin Hudo.com S prebiranjem vsebine na www.Hudo.com se uporabnik strinja z vsemi dolo\u010dbami v spodaj navedenih Splo\u0161nih pogojih uporabe spletnih vsebin Hudo.com.\u00a0V kolikor se z dolo\u010dbami ne strinjate, vam svetujemo, da spletno mesto Hudo.com\u00a0zapustite, oziroma, ne prebirate njenih vsebin. 1. Splo\u0161ne dolo\u010dbe Vsebina Splo\u0161nih pogojev o uporabi spletne strani Hudo.com se [&hellip;]","og_url":"https:\/\/hudo.com\/si\/pogoji-uporabe\/","og_site_name":"Hudo Slovenija","article_publisher":"https:\/\/www.facebook.com\/hudo.si","article_modified_time":"2025-10-21T07:18:08+00:00","twitter_card":"summary_large_image","twitter_site":"@hudo_si","twitter_misc":{"Est. reading time":"8 minut"},"schema":{"@context":"https:\/\/schema.org","@graph":[{"@type":"WebPage","@id":"https:\/\/hudo.com\/si\/pogoji-uporabe\/","url":"https:\/\/hudo.com\/si\/pogoji-uporabe\/","name":"Pogoji uporabe - Hudo Slovenija","isPartOf":{"@id":"https:\/\/hudo.com\/si\/#website"},"datePublished":"2016-02-29T10:29:59+00:00","dateModified":"2025-10-21T07:18:08+00:00","breadcrumb":{"@id":"https:\/\/hudo.com\/si\/pogoji-uporabe\/#breadcrumb"},"inLanguage":"sl-SI","potentialAction":[{"@type":"ReadAction","target":["https:\/\/hudo.com\/si\/pogoji-uporabe\/"]}]},{"@type":"BreadcrumbList","@id":"https:\/\/hudo.com\/si\/pogoji-uporabe\/#breadcrumb","itemListElement":[{"@type":"ListItem","position":1,"name":"Home","item":"https:\/\/hudo.com\/si\/"},{"@type":"ListItem","position":2,"name":"Pogoji uporabe"}]},{"@type":"WebSite","@id":"https:\/\/hudo.com\/si\/#website","url":"https:\/\/hudo.com\/si\/","name":"Hudo Slovenija","description":"Vse novice iz Slovenije in sveta","publisher":{"@id":"https:\/\/hudo.com\/si\/#organization"},"potentialAction":[{"@type":"SearchAction","target":{"@type":"EntryPoint","urlTemplate":"https:\/\/hudo.com\/si\/?s={search_term_string}"},"query-input":"required name=search_term_string"}],"inLanguage":"sl-SI"},{"@type":"Organization","@id":"https:\/\/hudo.com\/si\/#organization","name":"VSN Media","url":"https:\/\/hudo.com\/si\/","logo":{"@type":"ImageObject","inLanguage":"sl-SI","@id":"https:\/\/hudo.com\/si\/#\/schema\/logo\/image\/","url":"https:\/\/hudo.com\/si\/wp-content\/uploads\/sites\/2\/2021\/03\/hudo-app-2.png","contentUrl":"https:\/\/hudo.com\/si\/wp-content\/uploads\/sites\/2\/2021\/03\/hudo-app-2.png","width":2185,"height":2167,"caption":"VSN Media"},"image":{"@id":"https:\/\/hudo.com\/si\/#\/schema\/logo\/image\/"},"sameAs":["https:\/\/www.facebook.com\/hudo.si","https:\/\/twitter.com\/hudo_si"]}]}},"amp_enabled":true,"_links":{"self":[{"href":"https:\/\/hudo.com\/si\/wp-json\/wp\/v2\/pages\/1809"}],"collection":[{"href":"https:\/\/hudo.com\/si\/wp-json\/wp\/v2\/pages"}],"about":[{"href":"https:\/\/hudo.com\/si\/wp-json\/wp\/v2\/types\/page"}],"author":[{"embeddable":true,"href":"https:\/\/hudo.com\/si\/wp-json\/wp\/v2\/users\/1"}],"replies":[{"embeddable":true,"href":"https:\/\/hudo.com\/si\/wp-json\/wp\/v2\/comments?post=1809"}],"version-history":[{"count":10,"href":"https:\/\/hudo.com\/si\/wp-json\/wp\/v2\/pages\/1809\/revisions"}],"predecessor-version":[{"id":485883,"href":"https:\/\/hudo.com\/si\/wp-json\/wp\/v2\/pages\/1809\/revisions\/485883"}],"wp:attachment":[{"href":"https:\/\/hudo.com\/si\/wp-json\/wp\/v2\/media?parent=1809"}],"curies":[{"name":"wp","href":"https:\/\/api.w.org\/{rel}","templated":true}]}}